{"id":1356,"date":"2026-02-26T10:47:37","date_gmt":"2026-02-26T09:47:37","guid":{"rendered":"https:\/\/www.agencelaarchitecture.com\/?page_id=1356"},"modified":"2026-03-13T16:41:53","modified_gmt":"2026-03-13T15:41:53","slug":"blog","status":"publish","type":"page","link":"https:\/\/www.agencelaarchitecture.com\/index.php\/blog\/","title":{"rendered":"Blog"},"content":{"rendered":"\n<p>L\u2019architecture ne cesse d\u2019\u00e9voluer : entre nouvelles technologies, enjeux environnementaux, mat\u00e9riaux innovants et transformations des modes de vie, elle refl\u00e8te les d\u00e9fis et les aspirations de notre \u00e9poque. \u00c0 travers des articles, analyses et inspirations, ce blog vous propose de d\u00e9couvrir les tendances r\u00e9centes, les projets marquants et les r\u00e9flexions qui red\u00e9finissent l\u2019architecture d\u2019aujourd\u2019hui et de demain.<\/p>\n\n\n\n<div class=\"wp-block-columns is-layout-flex wp-container-core-columns-is-layout-28232c24 wp-block-columns-is-layout-flex\">\n<div class=\"wp-block-column is-vertically-aligned-center is-layout-flow wp-block-column-is-layout-flow\" style=\"padding-top:24px;padding-right:24px;padding-bottom:24px;padding-left:24px\">\n<div class=\"wp-block-group is-content-justification-left is-layout-constrained wp-container-core-group-is-layout-12dd3699 wp-block-group-is-layout-constrained\">\n<p class=\"has-text-align-left has-ti-accent-color has-text-color has-link-color has-small-font-size wp-elements-24339f6c2d90f181be4b96b2a495b432\" style=\"font-style:normal;font-weight:700;text-transform:uppercase\">NOUVEAU POST<\/p>\n\n\n\n<h2 class=\"wp-block-heading\">Quel avenir pour le m\u00e9tier d&rsquo;architecte d&rsquo;ici 2030 face \u00e0 l&rsquo;IA?<\/h2>\n\n\n\n<hr class=\"wp-block-separator has-text-color has-ti-accent-color has-alpha-channel-opacity has-ti-accent-background-color has-background\"\/>\n\n\n\n<div class=\"wp-block-buttons is-layout-flex wp-block-buttons-is-layout-flex\">\n<div class=\"wp-block-button\"><a class=\"wp-block-button__link wp-element-button\" href=\"https:\/\/www.agencelaarchitecture.com\/index.php\/larchitecture-dici-2030\/\">Voir cet article<\/a><\/div>\n<\/div>\n<\/div>\n<\/div>\n\n\n\n<div class=\"wp-block-column is-layout-flow wp-block-column-is-layout-flow\">\n<figure class=\"wp-block-image size-full\"><img loading=\"lazy\" decoding=\"async\" width=\"1920\" height=\"1080\" src=\"https:\/\/www.agencelaarchitecture.com\/wp-content\/uploads\/2026\/02\/IA.jpg\" alt=\"\" class=\"wp-image-1385\" srcset=\"https:\/\/www.agencelaarchitecture.com\/wp-content\/uploads\/2026\/02\/IA.jpg 1920w, https:\/\/www.agencelaarchitecture.com\/wp-content\/uploads\/2026\/02\/IA-300x169.jpg 300w, https:\/\/www.agencelaarchitecture.com\/wp-content\/uploads\/2026\/02\/IA-1024x576.jpg 1024w, https:\/\/www.agencelaarchitecture.com\/wp-content\/uploads\/2026\/02\/IA-768x432.jpg 768w, https:\/\/www.agencelaarchitecture.com\/wp-content\/uploads\/2026\/02\/IA-1536x864.jpg 1536w\" sizes=\"auto, (max-width: 1920px) 100vw, 1920px\" \/><\/figure>\n<\/div>\n<\/div>\n\n\n\n<div class=\"wp-block-columns is-layout-flex wp-container-core-columns-is-layout-28232c24 wp-block-columns-is-layout-flex\">\n<div class=\"wp-block-column is-vertically-aligned-center is-layout-flow wp-block-column-is-layout-flow\" style=\"padding-top:24px;padding-right:24px;padding-bottom:24px;padding-left:24px\">\n<div class=\"wp-block-group is-content-justification-left is-layout-constrained wp-container-core-group-is-layout-12dd3699 wp-block-group-is-layout-constrained\">\n<p class=\"has-text-align-left has-ti-accent-color has-text-color has-link-color has-small-font-size wp-elements-36268640f4ad6987dc6709cc26d7018a\" style=\"font-style:normal;font-weight:700;text-transform:uppercase\">POST<\/p>\n\n\n\n<h2 class=\"wp-block-heading\">L\u2019essor des mat\u00e9riaux naturels et recycl\u00e9s dans l\u2019architecture : entre n\u00e9cessit\u00e9 environnementale et nouveaux d\u00e9fis<\/h2>\n\n\n\n<hr class=\"wp-block-separator has-text-color has-ti-accent-color has-alpha-channel-opacity has-ti-accent-background-color has-background\"\/>\n\n\n\n<div class=\"wp-block-buttons is-layout-flex wp-block-buttons-is-layout-flex\">\n<div class=\"wp-block-button\"><a class=\"wp-block-button__link wp-element-button\" href=\"https:\/\/www.agencelaarchitecture.com\/index.php\/lessor-des-materiaux-naturels-et-recycles-dans-larchitecture-entre-necessite-environnementale-et-nouveaux-defis\/\">Voir cet article<\/a><\/div>\n<\/div>\n<\/div>\n<\/div>\n\n\n\n<div class=\"wp-block-column is-layout-flow wp-block-column-is-layout-flow\">\n<figure class=\"wp-block-image size-full is-resized\"><img loading=\"lazy\" decoding=\"async\" width=\"2560\" height=\"1707\" src=\"https:\/\/www.agencelaarchitecture.com\/wp-content\/uploads\/2026\/03\/deconstruction-projet-chantier-BTP-scaled-1.jpeg\" alt=\"\" class=\"wp-image-1435\" style=\"width:452px;height:auto\" srcset=\"https:\/\/www.agencelaarchitecture.com\/wp-content\/uploads\/2026\/03\/deconstruction-projet-chantier-BTP-scaled-1.jpeg 2560w, https:\/\/www.agencelaarchitecture.com\/wp-content\/uploads\/2026\/03\/deconstruction-projet-chantier-BTP-scaled-1-300x200.jpeg 300w, https:\/\/www.agencelaarchitecture.com\/wp-content\/uploads\/2026\/03\/deconstruction-projet-chantier-BTP-scaled-1-1024x683.jpeg 1024w, https:\/\/www.agencelaarchitecture.com\/wp-content\/uploads\/2026\/03\/deconstruction-projet-chantier-BTP-scaled-1-768x512.jpeg 768w, https:\/\/www.agencelaarchitecture.com\/wp-content\/uploads\/2026\/03\/deconstruction-projet-chantier-BTP-scaled-1-1536x1024.jpeg 1536w, https:\/\/www.agencelaarchitecture.com\/wp-content\/uploads\/2026\/03\/deconstruction-projet-chantier-BTP-scaled-1-2048x1366.jpeg 2048w\" sizes=\"auto, (max-width: 2560px) 100vw, 2560px\" \/><\/figure>\n<\/div>\n<\/div>\n\n\n\n<div class=\"wp-block-columns is-layout-flex wp-container-core-columns-is-layout-28232c24 wp-block-columns-is-layout-flex\">\n<div class=\"wp-block-column is-vertically-aligned-center is-layout-flow wp-block-column-is-layout-flow\" style=\"padding-top:24px;padding-right:24px;padding-bottom:24px;padding-left:24px\">\n<div class=\"wp-block-group is-content-justification-left is-layout-constrained wp-container-core-group-is-layout-12dd3699 wp-block-group-is-layout-constrained\">\n<p class=\"has-text-align-left has-ti-accent-color has-text-color has-link-color has-small-font-size wp-elements-af50a062c66b65392adeb3d9683af85a\" style=\"font-style:normal;font-weight:700;text-transform:uppercase\"> POST<\/p>\n\n\n\n<h2 class=\"wp-block-heading\">Architecture bioclimatique et r\u00e9novation \u00e9nerg\u00e9tique : concevoir et transformer durablement. <\/h2>\n\n\n\n<hr class=\"wp-block-separator has-text-color has-ti-accent-color has-alpha-channel-opacity has-ti-accent-background-color has-background\"\/>\n\n\n\n<div class=\"wp-block-buttons is-layout-flex wp-block-buttons-is-layout-flex\">\n<div class=\"wp-block-button\"><a class=\"wp-block-button__link wp-element-button\" href=\"https:\/\/www.agencelaarchitecture.com\/index.php\/architecture-bioclimatique-et-renovation-energetique-concevoir-et-transformer-durablement\/\">Voir cet article<\/a><\/div>\n<\/div>\n<\/div>\n<\/div>\n\n\n\n<div class=\"wp-block-column is-layout-flow wp-block-column-is-layout-flow\">\n<figure class=\"wp-block-image size-full is-resized\"><img loading=\"lazy\" decoding=\"async\" width=\"275\" height=\"183\" src=\"https:\/\/www.agencelaarchitecture.com\/wp-content\/uploads\/2026\/02\/bio.jpg\" alt=\"\" class=\"wp-image-1401\" style=\"width:456px;height:auto\"\/><\/figure>\n<\/div>\n<\/div>\n\n\n\n<div class=\"wp-block-columns is-layout-flex wp-container-core-columns-is-layout-28232c24 wp-block-columns-is-layout-flex\">\n<div class=\"wp-block-column is-vertically-aligned-center is-layout-flow wp-block-column-is-layout-flow\" style=\"padding-top:24px;padding-right:24px;padding-bottom:24px;padding-left:24px\">\n<div class=\"wp-block-group is-content-justification-left is-layout-constrained wp-container-core-group-is-layout-12dd3699 wp-block-group-is-layout-constrained\">\n<p class=\"has-text-align-left has-ti-accent-color has-text-color has-link-color has-small-font-size wp-elements-af50a062c66b65392adeb3d9683af85a\" style=\"font-style:normal;font-weight:700;text-transform:uppercase\"> POST<\/p>\n\n\n\n<h2 class=\"wp-block-heading\">Qu&rsquo;est ce que le BIM? <\/h2>\n\n\n\n<hr class=\"wp-block-separator has-text-color has-ti-accent-color has-alpha-channel-opacity has-ti-accent-background-color has-background\"\/>\n\n\n\n<div class=\"wp-block-buttons is-layout-flex wp-block-buttons-is-layout-flex\">\n<div class=\"wp-block-button\"><a class=\"wp-block-button__link wp-element-button\" href=\"https:\/\/www.agencelaarchitecture.com\/index.php\/quest-ce-que-le-bim\/\">Voir cet article<\/a><\/div>\n<\/div>\n<\/div>\n<\/div>\n\n\n\n<div class=\"wp-block-column is-layout-flow wp-block-column-is-layout-flow\">\n<figure class=\"wp-block-image size-full is-resized\"><img loading=\"lazy\" decoding=\"async\" width=\"275\" height=\"183\" src=\"https:\/\/www.agencelaarchitecture.com\/wp-content\/uploads\/2026\/03\/bim.jpg\" alt=\"\" class=\"wp-image-1472\" style=\"width:456px;height:auto\"\/><\/figure>\n<\/div>\n<\/div>\n","protected":false},"excerpt":{"rendered":"<p>L\u2019architecture ne cesse d\u2019\u00e9voluer : entre nouvelles technologies, enjeux environnementaux, mat\u00e9riaux innovants et transformations des modes de vie, elle refl\u00e8te les d\u00e9fis et les aspirations de notre \u00e9poque. \u00c0 travers des articles, analyses et inspirations, ce blog vous propose de d\u00e9couvrir les tendances r\u00e9centes, les projets marquants et les r\u00e9flexions qui red\u00e9finissent l\u2019architecture d\u2019aujourd\u2019hui et [&hellip;]<\/p>\n","protected":false},"author":1,"featured_media":0,"parent":0,"menu_order":0,"comment_status":"closed","ping_status":"closed","template":"","meta":{"footnotes":""},"class_list":["post-1356","page","type-page","status-publish","hentry"],"yoast_head":"<!-- This site is optimized with the Yoast SEO plugin v27.4 - https:\/\/yoast.com\/product\/yoast-seo-wordpress\/ -->\n<title>Blog - AGENCE LA ARCHITECTURE<\/title>\n<meta name=\"robots\" content=\"index, follow, max-snippet:-1, max-image-preview:large, max-video-preview:-1\" \/>\n<link rel=\"canonical\" href=\"https:\/\/www.agencelaarchitecture.com\/index.php\/blog\/\" \/>\n<meta property=\"og:locale\" content=\"fr_FR\" \/>\n<meta property=\"og:type\" content=\"article\" \/>\n<meta property=\"og:title\" content=\"Blog - AGENCE LA ARCHITECTURE\" \/>\n<meta property=\"og:description\" content=\"L\u2019architecture ne cesse d\u2019\u00e9voluer : entre nouvelles technologies, enjeux environnementaux, mat\u00e9riaux innovants et transformations des modes de vie, elle refl\u00e8te les d\u00e9fis et les aspirations de notre \u00e9poque. \u00c0 travers des articles, analyses et inspirations, ce blog vous propose de d\u00e9couvrir les tendances r\u00e9centes, les projets marquants et les r\u00e9flexions qui red\u00e9finissent l\u2019architecture d\u2019aujourd\u2019hui et [&hellip;]\" \/>\n<meta property=\"og:url\" content=\"https:\/\/www.agencelaarchitecture.com\/index.php\/blog\/\" \/>\n<meta property=\"og:site_name\" content=\"AGENCE LA ARCHITECTURE\" \/>\n<meta property=\"article:modified_time\" content=\"2026-03-13T15:41:53+00:00\" \/>\n<meta property=\"og:image\" content=\"https:\/\/www.agencelaarchitecture.com\/wp-content\/uploads\/2026\/02\/IA.jpg\" \/>\n\t<meta property=\"og:image:width\" content=\"1920\" \/>\n\t<meta property=\"og:image:height\" content=\"1080\" \/>\n\t<meta property=\"og:image:type\" content=\"image\/jpeg\" \/>\n<meta name=\"twitter:card\" content=\"summary_large_image\" \/>\n<meta name=\"twitter:label1\" content=\"Dur\u00e9e de lecture estim\u00e9e\" \/>\n\t<meta name=\"twitter:data1\" content=\"1 minute\" \/>\n<script type=\"application\/ld+json\" class=\"yoast-schema-graph\">{\"@context\":\"https:\\\/\\\/schema.org\",\"@graph\":[{\"@type\":\"WebPage\",\"@id\":\"https:\\\/\\\/www.agencelaarchitecture.com\\\/index.php\\\/blog\\\/\",\"url\":\"https:\\\/\\\/www.agencelaarchitecture.com\\\/index.php\\\/blog\\\/\",\"name\":\"Blog - AGENCE LA ARCHITECTURE\",\"isPartOf\":{\"@id\":\"https:\\\/\\\/www.agencelaarchitecture.com\\\/#website\"},\"primaryImageOfPage\":{\"@id\":\"https:\\\/\\\/www.agencelaarchitecture.com\\\/index.php\\\/blog\\\/#primaryimage\"},\"image\":{\"@id\":\"https:\\\/\\\/www.agencelaarchitecture.com\\\/index.php\\\/blog\\\/#primaryimage\"},\"thumbnailUrl\":\"https:\\\/\\\/www.agencelaarchitecture.com\\\/wp-content\\\/uploads\\\/2026\\\/02\\\/IA.jpg\",\"datePublished\":\"2026-02-26T09:47:37+00:00\",\"dateModified\":\"2026-03-13T15:41:53+00:00\",\"breadcrumb\":{\"@id\":\"https:\\\/\\\/www.agencelaarchitecture.com\\\/index.php\\\/blog\\\/#breadcrumb\"},\"inLanguage\":\"fr-FR\",\"potentialAction\":[{\"@type\":\"ReadAction\",\"target\":[\"https:\\\/\\\/www.agencelaarchitecture.com\\\/index.php\\\/blog\\\/\"]}]},{\"@type\":\"ImageObject\",\"inLanguage\":\"fr-FR\",\"@id\":\"https:\\\/\\\/www.agencelaarchitecture.com\\\/index.php\\\/blog\\\/#primaryimage\",\"url\":\"https:\\\/\\\/www.agencelaarchitecture.com\\\/wp-content\\\/uploads\\\/2026\\\/02\\\/IA.jpg\",\"contentUrl\":\"https:\\\/\\\/www.agencelaarchitecture.com\\\/wp-content\\\/uploads\\\/2026\\\/02\\\/IA.jpg\",\"width\":1920,\"height\":1080,\"caption\":\"xr:d:DAFyXW5HBqs:12,j:8190206044542082550,t:23112317\"},{\"@type\":\"BreadcrumbList\",\"@id\":\"https:\\\/\\\/www.agencelaarchitecture.com\\\/index.php\\\/blog\\\/#breadcrumb\",\"itemListElement\":[{\"@type\":\"ListItem\",\"position\":1,\"name\":\"Accueil\",\"item\":\"https:\\\/\\\/www.agencelaarchitecture.com\\\/\"},{\"@type\":\"ListItem\",\"position\":2,\"name\":\"Blog\"}]},{\"@type\":\"WebSite\",\"@id\":\"https:\\\/\\\/www.agencelaarchitecture.com\\\/#website\",\"url\":\"https:\\\/\\\/www.agencelaarchitecture.com\\\/\",\"name\":\"AGENCE LA ARCHITECTURE\",\"description\":\"Architecture + int\u00e9rieur\\\/ Annecy\",\"publisher\":{\"@id\":\"https:\\\/\\\/www.agencelaarchitecture.com\\\/#organization\"},\"potentialAction\":[{\"@type\":\"SearchAction\",\"target\":{\"@type\":\"EntryPoint\",\"urlTemplate\":\"https:\\\/\\\/www.agencelaarchitecture.com\\\/?s={search_term_string}\"},\"query-input\":{\"@type\":\"PropertyValueSpecification\",\"valueRequired\":true,\"valueName\":\"search_term_string\"}}],\"inLanguage\":\"fr-FR\"},{\"@type\":\"Organization\",\"@id\":\"https:\\\/\\\/www.agencelaarchitecture.com\\\/#organization\",\"name\":\"AGENCE LA ARCHITECTURE\",\"url\":\"https:\\\/\\\/www.agencelaarchitecture.com\\\/\",\"logo\":{\"@type\":\"ImageObject\",\"inLanguage\":\"fr-FR\",\"@id\":\"https:\\\/\\\/www.agencelaarchitecture.com\\\/#\\\/schema\\\/logo\\\/image\\\/\",\"url\":\"https:\\\/\\\/www.agencelaarchitecture.com\\\/wp-content\\\/uploads\\\/2022\\\/02\\\/logo-MAIL.jpg\",\"contentUrl\":\"https:\\\/\\\/www.agencelaarchitecture.com\\\/wp-content\\\/uploads\\\/2022\\\/02\\\/logo-MAIL.jpg\",\"width\":464,\"height\":206,\"caption\":\"AGENCE LA ARCHITECTURE\"},\"image\":{\"@id\":\"https:\\\/\\\/www.agencelaarchitecture.com\\\/#\\\/schema\\\/logo\\\/image\\\/\"},\"sameAs\":[\"https:\\\/\\\/www.instagram.com\\\/agencelaarchitecture\\\/\"]}]}<\/script>\n<!-- \/ Yoast SEO plugin. -->","yoast_head_json":{"title":"Blog - AGENCE LA ARCHITECTURE","robots":{"index":"index","follow":"follow","max-snippet":"max-snippet:-1","max-image-preview":"max-image-preview:large","max-video-preview":"max-video-preview:-1"},"canonical":"https:\/\/www.agencelaarchitecture.com\/index.php\/blog\/","og_locale":"fr_FR","og_type":"article","og_title":"Blog - AGENCE LA ARCHITECTURE","og_description":"L\u2019architecture ne cesse d\u2019\u00e9voluer : entre nouvelles technologies, enjeux environnementaux, mat\u00e9riaux innovants et transformations des modes de vie, elle refl\u00e8te les d\u00e9fis et les aspirations de notre \u00e9poque. \u00c0 travers des articles, analyses et inspirations, ce blog vous propose de d\u00e9couvrir les tendances r\u00e9centes, les projets marquants et les r\u00e9flexions qui red\u00e9finissent l\u2019architecture d\u2019aujourd\u2019hui et [&hellip;]","og_url":"https:\/\/www.agencelaarchitecture.com\/index.php\/blog\/","og_site_name":"AGENCE LA ARCHITECTURE","article_modified_time":"2026-03-13T15:41:53+00:00","og_image":[{"width":1920,"height":1080,"url":"https:\/\/www.agencelaarchitecture.com\/wp-content\/uploads\/2026\/02\/IA.jpg","type":"image\/jpeg"}],"twitter_card":"summary_large_image","twitter_misc":{"Dur\u00e9e de lecture estim\u00e9e":"1 minute"},"schema":{"@context":"https:\/\/schema.org","@graph":[{"@type":"WebPage","@id":"https:\/\/www.agencelaarchitecture.com\/index.php\/blog\/","url":"https:\/\/www.agencelaarchitecture.com\/index.php\/blog\/","name":"Blog - AGENCE LA ARCHITECTURE","isPartOf":{"@id":"https:\/\/www.agencelaarchitecture.com\/#website"},"primaryImageOfPage":{"@id":"https:\/\/www.agencelaarchitecture.com\/index.php\/blog\/#primaryimage"},"image":{"@id":"https:\/\/www.agencelaarchitecture.com\/index.php\/blog\/#primaryimage"},"thumbnailUrl":"https:\/\/www.agencelaarchitecture.com\/wp-content\/uploads\/2026\/02\/IA.jpg","datePublished":"2026-02-26T09:47:37+00:00","dateModified":"2026-03-13T15:41:53+00:00","breadcrumb":{"@id":"https:\/\/www.agencelaarchitecture.com\/index.php\/blog\/#breadcrumb"},"inLanguage":"fr-FR","potentialAction":[{"@type":"ReadAction","target":["https:\/\/www.agencelaarchitecture.com\/index.php\/blog\/"]}]},{"@type":"ImageObject","inLanguage":"fr-FR","@id":"https:\/\/www.agencelaarchitecture.com\/index.php\/blog\/#primaryimage","url":"https:\/\/www.agencelaarchitecture.com\/wp-content\/uploads\/2026\/02\/IA.jpg","contentUrl":"https:\/\/www.agencelaarchitecture.com\/wp-content\/uploads\/2026\/02\/IA.jpg","width":1920,"height":1080,"caption":"xr:d:DAFyXW5HBqs:12,j:8190206044542082550,t:23112317"},{"@type":"BreadcrumbList","@id":"https:\/\/www.agencelaarchitecture.com\/index.php\/blog\/#breadcrumb","itemListElement":[{"@type":"ListItem","position":1,"name":"Accueil","item":"https:\/\/www.agencelaarchitecture.com\/"},{"@type":"ListItem","position":2,"name":"Blog"}]},{"@type":"WebSite","@id":"https:\/\/www.agencelaarchitecture.com\/#website","url":"https:\/\/www.agencelaarchitecture.com\/","name":"AGENCE LA ARCHITECTURE","description":"Architecture + int\u00e9rieur\/ Annecy","publisher":{"@id":"https:\/\/www.agencelaarchitecture.com\/#organization"},"potentialAction":[{"@type":"SearchAction","target":{"@type":"EntryPoint","urlTemplate":"https:\/\/www.agencelaarchitecture.com\/?s={search_term_string}"},"query-input":{"@type":"PropertyValueSpecification","valueRequired":true,"valueName":"search_term_string"}}],"inLanguage":"fr-FR"},{"@type":"Organization","@id":"https:\/\/www.agencelaarchitecture.com\/#organization","name":"AGENCE LA ARCHITECTURE","url":"https:\/\/www.agencelaarchitecture.com\/","logo":{"@type":"ImageObject","inLanguage":"fr-FR","@id":"https:\/\/www.agencelaarchitecture.com\/#\/schema\/logo\/image\/","url":"https:\/\/www.agencelaarchitecture.com\/wp-content\/uploads\/2022\/02\/logo-MAIL.jpg","contentUrl":"https:\/\/www.agencelaarchitecture.com\/wp-content\/uploads\/2022\/02\/logo-MAIL.jpg","width":464,"height":206,"caption":"AGENCE LA ARCHITECTURE"},"image":{"@id":"https:\/\/www.agencelaarchitecture.com\/#\/schema\/logo\/image\/"},"sameAs":["https:\/\/www.instagram.com\/agencelaarchitecture\/"]}]}},"_links":{"self":[{"href":"https:\/\/www.agencelaarchitecture.com\/index.php\/wp-json\/wp\/v2\/pages\/1356","targetHints":{"allow":["GET"]}}],"collection":[{"href":"https:\/\/www.agencelaarchitecture.com\/index.php\/wp-json\/wp\/v2\/pages"}],"about":[{"href":"https:\/\/www.agencelaarchitecture.com\/index.php\/wp-json\/wp\/v2\/types\/page"}],"author":[{"embeddable":true,"href":"https:\/\/www.agencelaarchitecture.com\/index.php\/wp-json\/wp\/v2\/users\/1"}],"replies":[{"embeddable":true,"href":"https:\/\/www.agencelaarchitecture.com\/index.php\/wp-json\/wp\/v2\/comments?post=1356"}],"version-history":[{"count":23,"href":"https:\/\/www.agencelaarchitecture.com\/index.php\/wp-json\/wp\/v2\/pages\/1356\/revisions"}],"predecessor-version":[{"id":1476,"href":"https:\/\/www.agencelaarchitecture.com\/index.php\/wp-json\/wp\/v2\/pages\/1356\/revisions\/1476"}],"wp:attachment":[{"href":"https:\/\/www.agencelaarchitecture.com\/index.php\/wp-json\/wp\/v2\/media?parent=1356"}],"curies":[{"name":"wp","href":"https:\/\/api.w.org\/{rel}","templated":true}]}}