{"id":1368,"date":"2026-02-26T11:17:09","date_gmt":"2026-02-26T10:17:09","guid":{"rendered":"https:\/\/www.agencelaarchitecture.com\/?page_id=1368"},"modified":"2026-03-05T11:00:26","modified_gmt":"2026-03-05T10:00:26","slug":"larchitecture-dici-2030","status":"publish","type":"page","link":"https:\/\/www.agencelaarchitecture.com\/index.php\/larchitecture-dici-2030\/","title":{"rendered":"Quel avenir pour le m\u00e9tier d&rsquo;architecte d&rsquo;ici 2030 face \u00e0 l&rsquo;arriv\u00e9e de l&rsquo;IA?"},"content":{"rendered":"\n<h2 class=\"wp-block-heading\">L&rsquo;IA comme outil, pas comme remplacement<\/h2>\n\n\n\n<p>L&rsquo;IA va transformer le m\u00e9tier d&rsquo;architecte en aidant sur des process bien sp\u00e9cifiques tels que: <\/p>\n\n\n\n<p>\u00b0 <strong>Automatisation des t\u00e2ches <\/strong> : L\u2019IA va continuer \u00e0 automatiser des t\u00e2ches comme la g\u00e9n\u00e9ration de plans 2D\/3D, les calculs de structure, ou la mod\u00e9lisation BIM (Building Information Modeling). Des outils (comme Midjourney, DALL\u00b7E ou REVIT)  int\u00e8grent d\u00e9j\u00e0 des fonctionnalit\u00e9s d\u2019IA pour acc\u00e9l\u00e9rer ces processus.<\/p>\n\n\n\n<p>\u00b0 <strong>Optimisation et simulation<\/strong> : L\u2019IA permettra d\u2019optimiser les performances \u00e9nerg\u00e9tiques, acoustiques ou structurelles des b\u00e2timents, en simulant des sc\u00e9narios complexes en temps r\u00e9el.<\/p>\n\n\n\n<p>\u00b0 <strong>Personnalisation<\/strong> : Les algorithmes pourront proposer des designs sur mesure en fonction des besoins des clients, des contraintes urbaines ou environnementales.<\/p>\n\n\n\n<p><strong>\u2192 Le r\u00f4le de l&rsquo;architecte \u00e9voluera vers plus de cr\u00e9ativit\u00e9, de strat\u00e9gie et de gestion de projet<\/strong>.<\/p>\n\n\n\n<h3 class=\"wp-block-heading\"><strong>Nouvelles comp\u00e9tences \u00e0 int\u00e9grer<\/strong><\/h3>\n\n\n\n<p>Dans l&rsquo;avenir, un architecte devra ma\u00eetriser :<\/p>\n\n\n\n<ul class=\"wp-block-list\">\n<li><strong>L\u2019IA et les outils num\u00e9riques<\/strong> : Savoir utiliser des logiciels int\u00e9grant l\u2019IA ( Autodesk Forma, TestFit) et comprendre leurs limites.<\/li>\n\n\n\n<li><strong>La data et l\u2019analyse<\/strong> : Interpr\u00e9ter des donn\u00e9es urbaines, environnementales ou sociales pour concevoir des projets adapt\u00e9s.<\/li>\n\n\n\n<li><strong>La durabilit\u00e9<\/strong> : L\u2019IA aidera \u00e0 concevoir des b\u00e2timents plus \u00e9coresponsables, mais l\u2019architecte devra int\u00e9grer ces enjeux dans sa r\u00e9flexion globale.<\/li>\n\n\n\n<li><strong>La collaboration interdisciplinaire<\/strong> : L&rsquo;architecte devra travailler avec des data scientists, des ing\u00e9nieurs en IA, ou des sp\u00e9cialistes de la smart city.<\/li>\n<\/ul>\n\n\n\n<h3 class=\"wp-block-heading\"><strong>Les d\u00e9fis \u00e0 relever<\/strong> dans le futur<\/h3>\n\n\n\n<ul class=\"wp-block-list\">\n<li><strong>\u00c9thique et responsabilit\u00e9<\/strong> :  L\u2019architecte devra superviser et valider les propositions de l\u2019IA pour des questions de responsabilit\u00e9 et s&rsquo;assurer qu&rsquo;un design g\u00e9n\u00e9r\u00e9 par l&rsquo;IA ne pr\u00e9sente pas de d\u00e9fauts.<\/li>\n\n\n\n<li><strong>R\u00e9glementation<\/strong> : Les normes \u00e9volueront pour encadrer l\u2019usage de l\u2019IA dans la conception architecturale.<\/li>\n\n\n\n<li><strong>Formation continue<\/strong> : Les centre de formations ou \u00e9coles d\u2019architecture devront int\u00e9grer des modules sur l\u2019IA et les nouvelles technologies.<\/li>\n<\/ul>\n\n\n\n<h3 class=\"wp-block-heading\"><strong>Opportunit\u00e9s \u00e9mergentes<\/strong><\/h3>\n\n\n\n<ul class=\"wp-block-list\">\n<li><strong>Architecture param\u00e9trique<\/strong> : Cr\u00e9er des formes complexes et innovantes gr\u00e2ce \u00e0 des algorithmes.<\/li>\n\n\n\n<li><strong>Villes intelligentes<\/strong> : Participer \u00e0 la conception de quartiers connect\u00e9s, o\u00f9 l\u2019IA g\u00e8re les flux (\u00e9nergie, transports, etc.).<\/li>\n\n\n\n<li><strong>R\u00e9novation et adaptation<\/strong> : Utiliser l\u2019IA pour r\u00e9nover des b\u00e2timents existants de mani\u00e8re optimale.<\/li>\n<\/ul>\n\n\n\n<blockquote class=\"wp-block-quote is-layout-flow wp-block-quote-is-layout-flow\">\n<p>Dans 5 ans, le m\u00e9tier d\u2019architecte sera <strong>transform\u00e9<\/strong>. Les professionnels devront combiner <strong>relationnel humain<\/strong>, le <strong>travail manuel complexe<\/strong>, la <strong>prise de d\u00e9cision en contexte incertain<\/strong>, la <strong>responsabilit\u00e9 l\u00e9gale<\/strong> et la <strong>cr\u00e9ativit\u00e9 strat\u00e9gique<\/strong>.<\/p>\n<\/blockquote>\n\n\n\n<p><\/p>\n\n\n\n<h2 class=\"wp-block-heading\">Les \u00e9volutions dans le temps<\/h2>\n\n\n\n<h3 class=\"wp-block-heading\"><strong>G\u00e9n\u00e9ralisation de la pratique d\u2019ici 2\u20133 ans <\/strong><\/h3>\n\n\n\n<ul class=\"wp-block-list\">\n<li><strong>IA int\u00e9gr\u00e9e aux logiciels <\/strong> :\n<ul class=\"wp-block-list\">\n<li><strong>Revit\/Archicad<\/strong> : Fonctions d\u2019IA natives pour sugg\u00e9rer des solutions de design ou corriger des erreurs de mod\u00e9lisation.<\/li>\n\n\n\n<li><strong>TestFit\/Spacemaker<\/strong> : Optimisation automatique de l\u2019am\u00e9nagement urbain ou des plans de masse.<\/li>\n<\/ul>\n<\/li>\n\n\n\n<li><strong>Collaboration humain-IA<\/strong> :\n<ul class=\"wp-block-list\">\n<li>L\u2019IA propose des variantes de design en temps r\u00e9el pendant les r\u00e9unions de travail (ex : ajustement d\u2019une fa\u00e7ade en fonction de l\u2019ensoleillement).<\/li>\n<\/ul>\n<\/li>\n\n\n\n<li><strong>R\u00e9glementation et normes<\/strong> :\n<ul class=\"wp-block-list\">\n<li>Int\u00e9gration de l\u2019IA dans les processus de validation (ex : v\u00e9rification automatique de la conformit\u00e9 RE2020).<\/li>\n<\/ul>\n<\/li>\n\n\n\n<li><strong>Jumeaux num\u00e9riques<\/strong>:\n<ul class=\"wp-block-list\">\n<li>Utilisation de l\u2019IA pour cr\u00e9er et mettre \u00e0 jour des jumeaux num\u00e9riques de b\u00e2timents existants, afin d\u2019optimiser leur gestion.<\/li>\n<\/ul>\n<\/li>\n<\/ul>\n\n\n\n<h3 class=\"wp-block-heading\"><strong>\u00c9mergence d\u2019ici 5 ans <\/strong><\/h3>\n\n\n\n<ul class=\"wp-block-list\">\n<li><strong>IA \u00ab\u00a0co-cr\u00e9ative\u00a0\u00bb<\/strong> :\n<ul class=\"wp-block-list\">\n<li>L\u2019IA participe activement \u00e0 la phase de concept, en proposant des id\u00e9es originales bas\u00e9es sur des millions de projets existants (ex : \u00ab\u00a0Un mus\u00e9e inspir\u00e9 des formes organiques et des flux de visiteurs\u00a0\u00bb).<\/li>\n<\/ul>\n<\/li>\n\n\n\n<li><strong>Automatisation avanc\u00e9e<\/strong> :\n<ul class=\"wp-block-list\">\n<li>G\u00e9n\u00e9ration automatique de dossiers de permis de construire, avec v\u00e9rification l\u00e9gale par IA.<\/li>\n\n\n\n<li>Robots et IA pour la construction modulaire ou l\u2019impression 3D de structures complexes.<\/li>\n<\/ul>\n<\/li>\n\n\n\n<li><strong>Villes intelligentes<\/strong> :\n<ul class=\"wp-block-list\">\n<li>L\u2019architecte collabore avec des urbanistes et des data scientists pour concevoir des quartiers o\u00f9 l\u2019IA g\u00e8re les flux (\u00e9nergie, eau, mobilit\u00e9).<\/li>\n<\/ul>\n<\/li>\n\n\n\n<li><strong>\u00c9thique et responsabilit\u00e9<\/strong> :\n<ul class=\"wp-block-list\">\n<li>D\u00e9veloppement de cadres l\u00e9gaux pour la propri\u00e9t\u00e9 intellectuelle des designs g\u00e9n\u00e9r\u00e9s par IA.<\/li>\n<\/ul>\n<\/li>\n<\/ul>\n","protected":false},"excerpt":{"rendered":"<p>L&rsquo;IA comme outil, pas comme remplacement L&rsquo;IA va transformer le m\u00e9tier d&rsquo;architecte en aidant sur des process bien sp\u00e9cifiques tels que: \u00b0 Automatisation des t\u00e2ches : L\u2019IA va continuer \u00e0 automatiser des t\u00e2ches comme la g\u00e9n\u00e9ration de plans 2D\/3D, les calculs de structure, ou la mod\u00e9lisation BIM (Building Information Modeling). Des outils (comme Midjourney, DALL\u00b7E [&hellip;]<\/p>\n","protected":false},"author":1,"featured_media":0,"parent":0,"menu_order":0,"comment_status":"closed","ping_status":"closed","template":"","meta":{"footnotes":""},"class_list":["post-1368","page","type-page","status-publish","hentry"],"yoast_head":"<!-- This site is optimized with the Yoast SEO plugin v27.4 - https:\/\/yoast.com\/product\/yoast-seo-wordpress\/ -->\n<title>Quel avenir pour le m\u00e9tier d&#039;architecte d&#039;ici 2030 face \u00e0 l&#039;arriv\u00e9e de l&#039;IA? - AGENCE LA ARCHITECTURE<\/title>\n<meta name=\"robots\" content=\"index, follow, max-snippet:-1, max-image-preview:large, max-video-preview:-1\" \/>\n<link rel=\"canonical\" href=\"https:\/\/www.agencelaarchitecture.com\/index.php\/larchitecture-dici-2030\/\" \/>\n<meta property=\"og:locale\" content=\"fr_FR\" \/>\n<meta property=\"og:type\" content=\"article\" \/>\n<meta property=\"og:title\" content=\"Quel avenir pour le m\u00e9tier d&#039;architecte d&#039;ici 2030 face \u00e0 l&#039;arriv\u00e9e de l&#039;IA? - AGENCE LA ARCHITECTURE\" \/>\n<meta property=\"og:description\" content=\"L&rsquo;IA comme outil, pas comme remplacement L&rsquo;IA va transformer le m\u00e9tier d&rsquo;architecte en aidant sur des process bien sp\u00e9cifiques tels que: \u00b0 Automatisation des t\u00e2ches : L\u2019IA va continuer \u00e0 automatiser des t\u00e2ches comme la g\u00e9n\u00e9ration de plans 2D\/3D, les calculs de structure, ou la mod\u00e9lisation BIM (Building Information Modeling). Des outils (comme Midjourney, DALL\u00b7E [&hellip;]\" \/>\n<meta property=\"og:url\" content=\"https:\/\/www.agencelaarchitecture.com\/index.php\/larchitecture-dici-2030\/\" \/>\n<meta property=\"og:site_name\" content=\"AGENCE LA ARCHITECTURE\" \/>\n<meta property=\"article:modified_time\" content=\"2026-03-05T10:00:26+00:00\" \/>\n<meta name=\"twitter:card\" content=\"summary_large_image\" \/>\n<meta name=\"twitter:label1\" content=\"Dur\u00e9e de lecture estim\u00e9e\" \/>\n\t<meta name=\"twitter:data1\" content=\"3 minutes\" \/>\n<script type=\"application\/ld+json\" class=\"yoast-schema-graph\">{\"@context\":\"https:\\\/\\\/schema.org\",\"@graph\":[{\"@type\":\"WebPage\",\"@id\":\"https:\\\/\\\/www.agencelaarchitecture.com\\\/index.php\\\/larchitecture-dici-2030\\\/\",\"url\":\"https:\\\/\\\/www.agencelaarchitecture.com\\\/index.php\\\/larchitecture-dici-2030\\\/\",\"name\":\"Quel avenir pour le m\u00e9tier d'architecte d'ici 2030 face \u00e0 l'arriv\u00e9e de l'IA? - AGENCE LA ARCHITECTURE\",\"isPartOf\":{\"@id\":\"https:\\\/\\\/www.agencelaarchitecture.com\\\/#website\"},\"datePublished\":\"2026-02-26T10:17:09+00:00\",\"dateModified\":\"2026-03-05T10:00:26+00:00\",\"breadcrumb\":{\"@id\":\"https:\\\/\\\/www.agencelaarchitecture.com\\\/index.php\\\/larchitecture-dici-2030\\\/#breadcrumb\"},\"inLanguage\":\"fr-FR\",\"potentialAction\":[{\"@type\":\"ReadAction\",\"target\":[\"https:\\\/\\\/www.agencelaarchitecture.com\\\/index.php\\\/larchitecture-dici-2030\\\/\"]}]},{\"@type\":\"BreadcrumbList\",\"@id\":\"https:\\\/\\\/www.agencelaarchitecture.com\\\/index.php\\\/larchitecture-dici-2030\\\/#breadcrumb\",\"itemListElement\":[{\"@type\":\"ListItem\",\"position\":1,\"name\":\"Accueil\",\"item\":\"https:\\\/\\\/www.agencelaarchitecture.com\\\/\"},{\"@type\":\"ListItem\",\"position\":2,\"name\":\"Quel avenir pour le m\u00e9tier d&rsquo;architecte d&rsquo;ici 2030 face \u00e0 l&rsquo;arriv\u00e9e de l&rsquo;IA?\"}]},{\"@type\":\"WebSite\",\"@id\":\"https:\\\/\\\/www.agencelaarchitecture.com\\\/#website\",\"url\":\"https:\\\/\\\/www.agencelaarchitecture.com\\\/\",\"name\":\"AGENCE LA ARCHITECTURE\",\"description\":\"Architecture + int\u00e9rieur\\\/ Annecy\",\"publisher\":{\"@id\":\"https:\\\/\\\/www.agencelaarchitecture.com\\\/#organization\"},\"potentialAction\":[{\"@type\":\"SearchAction\",\"target\":{\"@type\":\"EntryPoint\",\"urlTemplate\":\"https:\\\/\\\/www.agencelaarchitecture.com\\\/?s={search_term_string}\"},\"query-input\":{\"@type\":\"PropertyValueSpecification\",\"valueRequired\":true,\"valueName\":\"search_term_string\"}}],\"inLanguage\":\"fr-FR\"},{\"@type\":\"Organization\",\"@id\":\"https:\\\/\\\/www.agencelaarchitecture.com\\\/#organization\",\"name\":\"AGENCE LA ARCHITECTURE\",\"url\":\"https:\\\/\\\/www.agencelaarchitecture.com\\\/\",\"logo\":{\"@type\":\"ImageObject\",\"inLanguage\":\"fr-FR\",\"@id\":\"https:\\\/\\\/www.agencelaarchitecture.com\\\/#\\\/schema\\\/logo\\\/image\\\/\",\"url\":\"https:\\\/\\\/www.agencelaarchitecture.com\\\/wp-content\\\/uploads\\\/2022\\\/02\\\/logo-MAIL.jpg\",\"contentUrl\":\"https:\\\/\\\/www.agencelaarchitecture.com\\\/wp-content\\\/uploads\\\/2022\\\/02\\\/logo-MAIL.jpg\",\"width\":464,\"height\":206,\"caption\":\"AGENCE LA ARCHITECTURE\"},\"image\":{\"@id\":\"https:\\\/\\\/www.agencelaarchitecture.com\\\/#\\\/schema\\\/logo\\\/image\\\/\"},\"sameAs\":[\"https:\\\/\\\/www.instagram.com\\\/agencelaarchitecture\\\/\"]}]}<\/script>\n<!-- \/ Yoast SEO plugin. -->","yoast_head_json":{"title":"Quel avenir pour le m\u00e9tier d'architecte d'ici 2030 face \u00e0 l'arriv\u00e9e de l'IA? - AGENCE LA ARCHITECTURE","robots":{"index":"index","follow":"follow","max-snippet":"max-snippet:-1","max-image-preview":"max-image-preview:large","max-video-preview":"max-video-preview:-1"},"canonical":"https:\/\/www.agencelaarchitecture.com\/index.php\/larchitecture-dici-2030\/","og_locale":"fr_FR","og_type":"article","og_title":"Quel avenir pour le m\u00e9tier d'architecte d'ici 2030 face \u00e0 l'arriv\u00e9e de l'IA? - AGENCE LA ARCHITECTURE","og_description":"L&rsquo;IA comme outil, pas comme remplacement L&rsquo;IA va transformer le m\u00e9tier d&rsquo;architecte en aidant sur des process bien sp\u00e9cifiques tels que: \u00b0 Automatisation des t\u00e2ches : L\u2019IA va continuer \u00e0 automatiser des t\u00e2ches comme la g\u00e9n\u00e9ration de plans 2D\/3D, les calculs de structure, ou la mod\u00e9lisation BIM (Building Information Modeling). Des outils (comme Midjourney, DALL\u00b7E [&hellip;]","og_url":"https:\/\/www.agencelaarchitecture.com\/index.php\/larchitecture-dici-2030\/","og_site_name":"AGENCE LA ARCHITECTURE","article_modified_time":"2026-03-05T10:00:26+00:00","twitter_card":"summary_large_image","twitter_misc":{"Dur\u00e9e de lecture estim\u00e9e":"3 minutes"},"schema":{"@context":"https:\/\/schema.org","@graph":[{"@type":"WebPage","@id":"https:\/\/www.agencelaarchitecture.com\/index.php\/larchitecture-dici-2030\/","url":"https:\/\/www.agencelaarchitecture.com\/index.php\/larchitecture-dici-2030\/","name":"Quel avenir pour le m\u00e9tier d'architecte d'ici 2030 face \u00e0 l'arriv\u00e9e de l'IA? - AGENCE LA ARCHITECTURE","isPartOf":{"@id":"https:\/\/www.agencelaarchitecture.com\/#website"},"datePublished":"2026-02-26T10:17:09+00:00","dateModified":"2026-03-05T10:00:26+00:00","breadcrumb":{"@id":"https:\/\/www.agencelaarchitecture.com\/index.php\/larchitecture-dici-2030\/#breadcrumb"},"inLanguage":"fr-FR","potentialAction":[{"@type":"ReadAction","target":["https:\/\/www.agencelaarchitecture.com\/index.php\/larchitecture-dici-2030\/"]}]},{"@type":"BreadcrumbList","@id":"https:\/\/www.agencelaarchitecture.com\/index.php\/larchitecture-dici-2030\/#breadcrumb","itemListElement":[{"@type":"ListItem","position":1,"name":"Accueil","item":"https:\/\/www.agencelaarchitecture.com\/"},{"@type":"ListItem","position":2,"name":"Quel avenir pour le m\u00e9tier d&rsquo;architecte d&rsquo;ici 2030 face \u00e0 l&rsquo;arriv\u00e9e de l&rsquo;IA?"}]},{"@type":"WebSite","@id":"https:\/\/www.agencelaarchitecture.com\/#website","url":"https:\/\/www.agencelaarchitecture.com\/","name":"AGENCE LA ARCHITECTURE","description":"Architecture + int\u00e9rieur\/ Annecy","publisher":{"@id":"https:\/\/www.agencelaarchitecture.com\/#organization"},"potentialAction":[{"@type":"SearchAction","target":{"@type":"EntryPoint","urlTemplate":"https:\/\/www.agencelaarchitecture.com\/?s={search_term_string}"},"query-input":{"@type":"PropertyValueSpecification","valueRequired":true,"valueName":"search_term_string"}}],"inLanguage":"fr-FR"},{"@type":"Organization","@id":"https:\/\/www.agencelaarchitecture.com\/#organization","name":"AGENCE LA ARCHITECTURE","url":"https:\/\/www.agencelaarchitecture.com\/","logo":{"@type":"ImageObject","inLanguage":"fr-FR","@id":"https:\/\/www.agencelaarchitecture.com\/#\/schema\/logo\/image\/","url":"https:\/\/www.agencelaarchitecture.com\/wp-content\/uploads\/2022\/02\/logo-MAIL.jpg","contentUrl":"https:\/\/www.agencelaarchitecture.com\/wp-content\/uploads\/2022\/02\/logo-MAIL.jpg","width":464,"height":206,"caption":"AGENCE LA ARCHITECTURE"},"image":{"@id":"https:\/\/www.agencelaarchitecture.com\/#\/schema\/logo\/image\/"},"sameAs":["https:\/\/www.instagram.com\/agencelaarchitecture\/"]}]}},"_links":{"self":[{"href":"https:\/\/www.agencelaarchitecture.com\/index.php\/wp-json\/wp\/v2\/pages\/1368","targetHints":{"allow":["GET"]}}],"collection":[{"href":"https:\/\/www.agencelaarchitecture.com\/index.php\/wp-json\/wp\/v2\/pages"}],"about":[{"href":"https:\/\/www.agencelaarchitecture.com\/index.php\/wp-json\/wp\/v2\/types\/page"}],"author":[{"embeddable":true,"href":"https:\/\/www.agencelaarchitecture.com\/index.php\/wp-json\/wp\/v2\/users\/1"}],"replies":[{"embeddable":true,"href":"https:\/\/www.agencelaarchitecture.com\/index.php\/wp-json\/wp\/v2\/comments?post=1368"}],"version-history":[{"count":16,"href":"https:\/\/www.agencelaarchitecture.com\/index.php\/wp-json\/wp\/v2\/pages\/1368\/revisions"}],"predecessor-version":[{"id":1440,"href":"https:\/\/www.agencelaarchitecture.com\/index.php\/wp-json\/wp\/v2\/pages\/1368\/revisions\/1440"}],"wp:attachment":[{"href":"https:\/\/www.agencelaarchitecture.com\/index.php\/wp-json\/wp\/v2\/media?parent=1368"}],"curies":[{"name":"wp","href":"https:\/\/api.w.org\/{rel}","templated":true}]}}