{"id":1474,"date":"2026-03-13T16:41:12","date_gmt":"2026-03-13T15:41:12","guid":{"rendered":"https:\/\/www.agencelaarchitecture.com\/?page_id=1474"},"modified":"2026-03-14T15:21:11","modified_gmt":"2026-03-14T14:21:11","slug":"quest-ce-que-le-bim","status":"publish","type":"page","link":"https:\/\/www.agencelaarchitecture.com\/index.php\/quest-ce-que-le-bim\/","title":{"rendered":"Qu&rsquo;est ce que le BIM?"},"content":{"rendered":"\n<h2 class=\"wp-block-heading\">Le BIM est un processus essentiel et parfois obligatoire pour garantir que la planification, la conception et la construction des b\u00e2timents se d\u00e9roulent avec une efficacit\u00e9 maximale.<\/h2>\n\n\n\n<p>Comme la plupart des industries, le <a href=\"https:\/\/www.equans-digital.com\/en\/bim-services\">BIM<\/a> repr\u00e9sente une \u00e9volution vers une plus grande innovation num\u00e9rique. Le terme \u00ab\u00a0BIM\u00a0\u00bb signifie \u00ab\u00a0Building Information Modelling\u00a0\u00bb ou \u00ab\u00a0Building Information Management\u00a0\u00bb. Il s&rsquo;agit d&rsquo;un processus hautement collaboratif permettant aux architectes, ing\u00e9nieurs, promoteurs immobiliers, entrepreneurs, fabricants et autres experts de la construction de planifier, concevoir et construire une structure ou un b\u00e2timent dans le cadre d&rsquo;un mod\u00e8le 3D unique.<\/p>\n\n\n\n<p>Cela s&rsquo;\u00e9tend \u00e9galement \u00e0 l&rsquo;exploitation et \u00e0 la gestion des b\u00e2timents en utilisant des donn\u00e9es accessibles aux propri\u00e9taires de b\u00e2timents ou de structures. Ces donn\u00e9es permettent aux gouvernements, aux autorit\u00e9s locales et aux gestionnaires immobiliers de prendre des d\u00e9cisions \u00e9clair\u00e9es sur la base des informations tir\u00e9es du mod\u00e8le, m\u00eame apr\u00e8s la construction du b\u00e2timent. <\/p>\n\n\n\n<p>Pour information, le <strong>City Information Modeling<\/strong> (CIM) cr\u00e9e une maquette num\u00e9rique int\u00e9grant les caract\u00e9ristiques techniques et fonctionnelles des infrastructures d&rsquo;un territoire.<\/p>\n\n\n\n<h2 class=\"wp-block-heading\"><strong>Comment fonctionne le BIM ?<\/strong><\/h2>\n\n\n\n<p>Le logiciel BIM cr\u00e9e des objets tridimensionnels pour former un mod\u00e8le de b\u00e2timent qui peut \u00eatre vu sous diff\u00e9rents angles et perspectives. Le mod\u00e8le est ensuite enrichi de donn\u00e9es d\u00e9taillant la g\u00e9om\u00e9trie, les mat\u00e9riaux, les syst\u00e8mes et les composants du b\u00e2timent. Les donn\u00e9es peuvent produire des dessins en 2D, des rapports d&rsquo;analyse, des plannings et d&rsquo;autres documents.<\/p>\n\n\n\n<p>Le logiciel fournit un cadre permettant d&rsquo;appliquer des connaissances intelligentes aux aspects physiques d&rsquo;un b\u00e2timent, tels que la g\u00e9om\u00e9trie, les relations spatiales, les informations g\u00e9ographiques et les propri\u00e9t\u00e9s des composants. Les architectes et les ing\u00e9nieurs peuvent utiliser ces informations d\u00e8s le d\u00e9but du processus de conception afin d&rsquo;anticiper les probl\u00e8mes potentiels et d&rsquo;am\u00e9liorer les performances du b\u00e2timent.<\/p>\n\n\n\n<p>Cette repr\u00e9sentation num\u00e9rique permet de relever les d\u00e9fis en mati\u00e8re d&rsquo;optimisation et de performances auxquels sont confront\u00e9es toutes les personnes impliqu\u00e9es dans le processus de construction et pour tous les types de b\u00e2timents : r\u00e9sidentiels, industriels, commerciaux, infrastructures, ouvrages d&rsquo;art, et bien d&rsquo;autres encore. <\/p>\n\n\n\n<h2 class=\"wp-block-heading\"><strong>Quels sont les avantages de l&rsquo;utilisation du BIM ?<\/strong><\/h2>\n\n\n\n<figure class=\"wp-block-image size-full\"><img loading=\"lazy\" decoding=\"async\" width=\"642\" height=\"351\" src=\"https:\/\/www.agencelaarchitecture.com\/wp-content\/uploads\/2026\/03\/bim-2.jpg\" alt=\"\" class=\"wp-image-1479\" srcset=\"https:\/\/www.agencelaarchitecture.com\/wp-content\/uploads\/2026\/03\/bim-2.jpg 642w, https:\/\/www.agencelaarchitecture.com\/wp-content\/uploads\/2026\/03\/bim-2-300x164.jpg 300w\" sizes=\"auto, (max-width: 642px) 100vw, 642px\" \/><\/figure>\n\n\n\n<p>Parmi les avantages de l&rsquo;utilisation du logiciel BIM figurent :<\/p>\n\n\n\n<p><strong>Une meilleure collaboration : <\/strong>L&rsquo;un des avantages de l&rsquo;utilisation de la BIM est qu&rsquo;elle am\u00e9liore la communication entre tous les membres de l&rsquo;\u00e9quipe du projet. En cr\u00e9ant un mod\u00e8le virtuel du b\u00e2timent, toutes les parties prenantes comprennent clairement les exigences du projet, ce qui permet d&rsquo;\u00e9viter les malentendus et les retards potentiels pendant la construction.<\/p>\n\n\n\n<p><strong>Am\u00e9lioration de l&rsquo;efficacit\u00e9: <\/strong>Les outils BIM acc\u00e9l\u00e8rent la production de dessins en 2D pour les concepteurs. En g\u00e9n\u00e9rant des plans, des coupes et des \u00e9l\u00e9vations directement \u00e0 partir du mod\u00e8le 3D, les outils BIM permettent de r\u00e9duire le temps que les concepteurs consacrent \u00e0 la pr\u00e9paration des dessins et de rationaliser le d\u00e9roulement des projets.<\/p>\n\n\n\n<p><strong>Meilleur contr\u00f4le de la qualit\u00e9: <\/strong>Les ing\u00e9nieurs peuvent utiliser le mod\u00e8le virtuel de la structure pour identifier les divergences entre les travaux de construction en cours et le mod\u00e8le 3D. Cela permet d&rsquo;identifier rapidement les probl\u00e8mes potentiels de conception ou de construction et d&rsquo;\u00e9viter les erreurs et les d\u00e9fauts dans le produit fini.<\/p>\n\n\n\n<p><strong>\u00c9conomies de co\u00fbts:<\/strong> Les \u00e9quipes peuvent modifier les conceptions avant le d\u00e9but du projet en identifiant les probl\u00e8mes potentiels d\u00e8s le d\u00e9but du processus de conception. Les ing\u00e9nieurs peuvent ainsi \u00e9viter des erreurs co\u00fbteuses, r\u00e9duire les d\u00e9chets, optimiser l&rsquo;utilisation des ressources et \u00e9viter des retards suppl\u00e9mentaires pendant la construction.<\/p>\n\n\n\n<p><strong>Une livraison plus rapide du projet: <\/strong>Les outils BIM permettent une planification et une gestion plus pr\u00e9cises et plus efficaces du processus de construction. Cela permet de minimiser les retards et les interruptions pendant la construction, ce qui acc\u00e9l\u00e8re l&rsquo;ach\u00e8vement du projet.<\/p>\n\n\n\n<p><strong>Plus de durabilit\u00e9: <\/strong>L&#8217;empreinte carbone d&rsquo;un b\u00e2timent peut \u00eatre minimis\u00e9e en utilisant la BIM pour optimiser la conception en termes d&rsquo;efficacit\u00e9 \u00e9nerg\u00e9tique. Les outils BIM permettent d&rsquo;\u00e9valuer la performance \u00e9nerg\u00e9tique d&rsquo;un b\u00e2timent et d&rsquo;identifier les m\u00e9thodes permettant de r\u00e9duire son impact sur l&rsquo;environnement.<\/p>\n\n\n\n<figure class=\"wp-block-pullquote\"><blockquote><p>Mod\u00e8les, mod\u00e9lisation et management, trois notions du BIM. <br>La mod\u00e9lisation des donn\u00e9es de l&rsquo;ouvrage est au c\u0153ur des pratiques num\u00e9riques et collaboratives dans le domaine de la construction.<br>Bien que cette d\u00e9marche paraisse technologique, elle est avant tout humaine car tr\u00e8s collective. Si l&rsquo;\u00e9volution est digitale, la r\u00e9volution est sans doute beaucoup plus culturelle.<\/p><\/blockquote><\/figure>\n\n\n\n<p>Plusieurs niveaux de collaborations du BIM existent, sachant que chaque intervenant, acteur du BIM, reste toujours ma\u00eetre de ses pr\u00e9rogatives.<\/p>\n\n\n\n<figure class=\"wp-block-image size-large\"><img loading=\"lazy\" decoding=\"async\" width=\"1024\" height=\"663\" src=\"https:\/\/www.agencelaarchitecture.com\/wp-content\/uploads\/2026\/03\/bim-3-1024x663.jpg\" alt=\"\" class=\"wp-image-1485\" srcset=\"https:\/\/www.agencelaarchitecture.com\/wp-content\/uploads\/2026\/03\/bim-3-1024x663.jpg 1024w, https:\/\/www.agencelaarchitecture.com\/wp-content\/uploads\/2026\/03\/bim-3-300x194.jpg 300w, https:\/\/www.agencelaarchitecture.com\/wp-content\/uploads\/2026\/03\/bim-3-768x497.jpg 768w, https:\/\/www.agencelaarchitecture.com\/wp-content\/uploads\/2026\/03\/bim-3.jpg 1092w\" sizes=\"auto, (max-width: 1024px) 100vw, 1024px\" \/><\/figure>\n\n\n\n<p><strong>Les diff\u00e9rents niveaux conventionnels de collaboration du BIM sont :<\/strong><\/p>\n\n\n\n<ul class=\"wp-block-list\">\n<li>Niveau 0 : <strong>juste le num\u00e9rique<\/strong><\/li>\n<\/ul>\n\n\n\n<p>On passe de la planche \u00e0 dessin \u00e0 la DAO (Dessin Assist\u00e9 par Ordinateur). On remplace la table \u00e0 dessin par un ordinateur. Les plans restent distincts des pi\u00e8ces \u00e9crites (CCTP, fiches techniques\u2026) conserv\u00e9s en parall\u00e8le. Chaque acteur m\u00e9tier continue \u00e0 produire des plans et des dossiers papier et \u00e9change des fichiers 2D et textes.<\/p>\n\n\n\n<ul class=\"wp-block-list\">\n<li>Niveau 1 : <strong>le BIM tout seul<\/strong><\/li>\n<\/ul>\n\n\n\n<p>On passe \u00e0 la CAO (Conception Assist\u00e9e par Ordinateur) c\u2019est-\u00e0-dire \u00e0 la 3D avec progressivement de l\u2019information pour des usages strictement internes (exemple : simulations, m\u00e9thodologie de r\u00e9alisation, variantes, planification, \u00e9tude de prix, fabrication\u2026). Chaque intervenant reste le m\u00eame, continue \u00e0 produire des dossiers papier et \u00e0 \u00e9changer des fichiers 2D et\/ou 3D et des textes avec les autres acteurs externes \u00e0 l\u2019entreprise.<\/p>\n\n\n\n<ul class=\"wp-block-list\">\n<li>Niveau 2 : <strong>le BIM collaboratif<\/strong><\/li>\n<\/ul>\n\n\n\n<p>On passe au partage et \u00e0 l\u2019\u00e9change de donn\u00e9es structur\u00e9es et formalis\u00e9es entre plusieurs intervenants du projet. Chaque acteur m\u00e9tier g\u00e8re sa propre base de donn\u00e9es et peut acc\u00e9der ou r\u00e9cup\u00e9rer des informations qui lui sont utiles, saisies par d\u2019autres intervenants. L&rsquo;acteur m\u00e9tier reste le m\u00eame, continue \u00e0 produire des dossiers papier et \u00e0 \u00e9changer des fichiers 3D contenant ses informations structur\u00e9es utiles aux autres. Ces transferts de donn\u00e9es sont d\u00e9finis dans une convention BIM qui pr\u00e9cise le r\u00f4le des acteurs ainsi que les modalit\u00e9s et de standards d\u2019\u00e9changes de donn\u00e9es\u2026<\/p>\n\n\n\n<ul class=\"wp-block-list\">\n<li>Niveau 3 : <strong>le BIM int\u00e9gr\u00e9<\/strong><\/li>\n<\/ul>\n\n\n\n<p>On passe \u00e0 une base de donn\u00e9es unique et structur\u00e9e. Chaque acteur m\u00e9tier interagit en temps r\u00e9el sur le projet. L\u2019acteur m\u00e9tier reste le m\u00eame, conserve ses pr\u00e9rogatives et \u00e9change ses donn\u00e9es avec les autres \u00e0 partir d\u2019une base de donn\u00e9es centrale. Le BIM niveau 3 n\u2019est pas encore d\u2019actualit\u00e9, son utilisation se limite \u00e0 quelques rares projets.<\/p>\n","protected":false},"excerpt":{"rendered":"<p>Le BIM est un processus essentiel et parfois obligatoire pour garantir que la planification, la conception et la construction des b\u00e2timents se d\u00e9roulent avec une efficacit\u00e9 maximale. Comme la plupart des industries, le BIM repr\u00e9sente une \u00e9volution vers une plus grande innovation num\u00e9rique. Le terme \u00ab\u00a0BIM\u00a0\u00bb signifie \u00ab\u00a0Building Information Modelling\u00a0\u00bb ou \u00ab\u00a0Building Information Management\u00a0\u00bb. Il [&hellip;]<\/p>\n","protected":false},"author":1,"featured_media":0,"parent":0,"menu_order":0,"comment_status":"closed","ping_status":"closed","template":"","meta":{"footnotes":""},"class_list":["post-1474","page","type-page","status-publish","hentry"],"yoast_head":"<!-- This site is optimized with the Yoast SEO plugin v27.4 - https:\/\/yoast.com\/product\/yoast-seo-wordpress\/ -->\n<title>Qu&#039;est ce que le BIM? - AGENCE LA ARCHITECTURE<\/title>\n<meta name=\"robots\" content=\"index, follow, max-snippet:-1, max-image-preview:large, max-video-preview:-1\" \/>\n<link rel=\"canonical\" href=\"https:\/\/www.agencelaarchitecture.com\/index.php\/quest-ce-que-le-bim\/\" \/>\n<meta property=\"og:locale\" content=\"fr_FR\" \/>\n<meta property=\"og:type\" content=\"article\" \/>\n<meta property=\"og:title\" content=\"Qu&#039;est ce que le BIM? - AGENCE LA ARCHITECTURE\" \/>\n<meta property=\"og:description\" content=\"Le BIM est un processus essentiel et parfois obligatoire pour garantir que la planification, la conception et la construction des b\u00e2timents se d\u00e9roulent avec une efficacit\u00e9 maximale. Comme la plupart des industries, le BIM repr\u00e9sente une \u00e9volution vers une plus grande innovation num\u00e9rique. Le terme \u00ab\u00a0BIM\u00a0\u00bb signifie \u00ab\u00a0Building Information Modelling\u00a0\u00bb ou \u00ab\u00a0Building Information Management\u00a0\u00bb. Il [&hellip;]\" \/>\n<meta property=\"og:url\" content=\"https:\/\/www.agencelaarchitecture.com\/index.php\/quest-ce-que-le-bim\/\" \/>\n<meta property=\"og:site_name\" content=\"AGENCE LA ARCHITECTURE\" \/>\n<meta property=\"article:modified_time\" content=\"2026-03-14T14:21:11+00:00\" \/>\n<meta property=\"og:image\" content=\"https:\/\/www.agencelaarchitecture.com\/wp-content\/uploads\/2026\/03\/bim-2.jpg\" \/>\n\t<meta property=\"og:image:width\" content=\"642\" \/>\n\t<meta property=\"og:image:height\" content=\"351\" \/>\n\t<meta property=\"og:image:type\" content=\"image\/jpeg\" \/>\n<meta name=\"twitter:card\" content=\"summary_large_image\" \/>\n<meta name=\"twitter:label1\" content=\"Dur\u00e9e de lecture estim\u00e9e\" \/>\n\t<meta name=\"twitter:data1\" content=\"6 minutes\" \/>\n<script type=\"application\/ld+json\" class=\"yoast-schema-graph\">{\"@context\":\"https:\\\/\\\/schema.org\",\"@graph\":[{\"@type\":\"WebPage\",\"@id\":\"https:\\\/\\\/www.agencelaarchitecture.com\\\/index.php\\\/quest-ce-que-le-bim\\\/\",\"url\":\"https:\\\/\\\/www.agencelaarchitecture.com\\\/index.php\\\/quest-ce-que-le-bim\\\/\",\"name\":\"Qu'est ce que le BIM? - AGENCE LA ARCHITECTURE\",\"isPartOf\":{\"@id\":\"https:\\\/\\\/www.agencelaarchitecture.com\\\/#website\"},\"primaryImageOfPage\":{\"@id\":\"https:\\\/\\\/www.agencelaarchitecture.com\\\/index.php\\\/quest-ce-que-le-bim\\\/#primaryimage\"},\"image\":{\"@id\":\"https:\\\/\\\/www.agencelaarchitecture.com\\\/index.php\\\/quest-ce-que-le-bim\\\/#primaryimage\"},\"thumbnailUrl\":\"https:\\\/\\\/www.agencelaarchitecture.com\\\/wp-content\\\/uploads\\\/2026\\\/03\\\/bim-2.jpg\",\"datePublished\":\"2026-03-13T15:41:12+00:00\",\"dateModified\":\"2026-03-14T14:21:11+00:00\",\"breadcrumb\":{\"@id\":\"https:\\\/\\\/www.agencelaarchitecture.com\\\/index.php\\\/quest-ce-que-le-bim\\\/#breadcrumb\"},\"inLanguage\":\"fr-FR\",\"potentialAction\":[{\"@type\":\"ReadAction\",\"target\":[\"https:\\\/\\\/www.agencelaarchitecture.com\\\/index.php\\\/quest-ce-que-le-bim\\\/\"]}]},{\"@type\":\"ImageObject\",\"inLanguage\":\"fr-FR\",\"@id\":\"https:\\\/\\\/www.agencelaarchitecture.com\\\/index.php\\\/quest-ce-que-le-bim\\\/#primaryimage\",\"url\":\"https:\\\/\\\/www.agencelaarchitecture.com\\\/wp-content\\\/uploads\\\/2026\\\/03\\\/bim-2.jpg\",\"contentUrl\":\"https:\\\/\\\/www.agencelaarchitecture.com\\\/wp-content\\\/uploads\\\/2026\\\/03\\\/bim-2.jpg\",\"width\":642,\"height\":351},{\"@type\":\"BreadcrumbList\",\"@id\":\"https:\\\/\\\/www.agencelaarchitecture.com\\\/index.php\\\/quest-ce-que-le-bim\\\/#breadcrumb\",\"itemListElement\":[{\"@type\":\"ListItem\",\"position\":1,\"name\":\"Accueil\",\"item\":\"https:\\\/\\\/www.agencelaarchitecture.com\\\/\"},{\"@type\":\"ListItem\",\"position\":2,\"name\":\"Qu&rsquo;est ce que le BIM?\"}]},{\"@type\":\"WebSite\",\"@id\":\"https:\\\/\\\/www.agencelaarchitecture.com\\\/#website\",\"url\":\"https:\\\/\\\/www.agencelaarchitecture.com\\\/\",\"name\":\"AGENCE LA ARCHITECTURE\",\"description\":\"Architecture + int\u00e9rieur\\\/ Annecy\",\"publisher\":{\"@id\":\"https:\\\/\\\/www.agencelaarchitecture.com\\\/#organization\"},\"potentialAction\":[{\"@type\":\"SearchAction\",\"target\":{\"@type\":\"EntryPoint\",\"urlTemplate\":\"https:\\\/\\\/www.agencelaarchitecture.com\\\/?s={search_term_string}\"},\"query-input\":{\"@type\":\"PropertyValueSpecification\",\"valueRequired\":true,\"valueName\":\"search_term_string\"}}],\"inLanguage\":\"fr-FR\"},{\"@type\":\"Organization\",\"@id\":\"https:\\\/\\\/www.agencelaarchitecture.com\\\/#organization\",\"name\":\"AGENCE LA ARCHITECTURE\",\"url\":\"https:\\\/\\\/www.agencelaarchitecture.com\\\/\",\"logo\":{\"@type\":\"ImageObject\",\"inLanguage\":\"fr-FR\",\"@id\":\"https:\\\/\\\/www.agencelaarchitecture.com\\\/#\\\/schema\\\/logo\\\/image\\\/\",\"url\":\"https:\\\/\\\/www.agencelaarchitecture.com\\\/wp-content\\\/uploads\\\/2022\\\/02\\\/logo-MAIL.jpg\",\"contentUrl\":\"https:\\\/\\\/www.agencelaarchitecture.com\\\/wp-content\\\/uploads\\\/2022\\\/02\\\/logo-MAIL.jpg\",\"width\":464,\"height\":206,\"caption\":\"AGENCE LA ARCHITECTURE\"},\"image\":{\"@id\":\"https:\\\/\\\/www.agencelaarchitecture.com\\\/#\\\/schema\\\/logo\\\/image\\\/\"},\"sameAs\":[\"https:\\\/\\\/www.instagram.com\\\/agencelaarchitecture\\\/\"]}]}<\/script>\n<!-- \/ Yoast SEO plugin. -->","yoast_head_json":{"title":"Qu'est ce que le BIM? - AGENCE LA ARCHITECTURE","robots":{"index":"index","follow":"follow","max-snippet":"max-snippet:-1","max-image-preview":"max-image-preview:large","max-video-preview":"max-video-preview:-1"},"canonical":"https:\/\/www.agencelaarchitecture.com\/index.php\/quest-ce-que-le-bim\/","og_locale":"fr_FR","og_type":"article","og_title":"Qu'est ce que le BIM? - AGENCE LA ARCHITECTURE","og_description":"Le BIM est un processus essentiel et parfois obligatoire pour garantir que la planification, la conception et la construction des b\u00e2timents se d\u00e9roulent avec une efficacit\u00e9 maximale. Comme la plupart des industries, le BIM repr\u00e9sente une \u00e9volution vers une plus grande innovation num\u00e9rique. Le terme \u00ab\u00a0BIM\u00a0\u00bb signifie \u00ab\u00a0Building Information Modelling\u00a0\u00bb ou \u00ab\u00a0Building Information Management\u00a0\u00bb. Il [&hellip;]","og_url":"https:\/\/www.agencelaarchitecture.com\/index.php\/quest-ce-que-le-bim\/","og_site_name":"AGENCE LA ARCHITECTURE","article_modified_time":"2026-03-14T14:21:11+00:00","og_image":[{"width":642,"height":351,"url":"https:\/\/www.agencelaarchitecture.com\/wp-content\/uploads\/2026\/03\/bim-2.jpg","type":"image\/jpeg"}],"twitter_card":"summary_large_image","twitter_misc":{"Dur\u00e9e de lecture estim\u00e9e":"6 minutes"},"schema":{"@context":"https:\/\/schema.org","@graph":[{"@type":"WebPage","@id":"https:\/\/www.agencelaarchitecture.com\/index.php\/quest-ce-que-le-bim\/","url":"https:\/\/www.agencelaarchitecture.com\/index.php\/quest-ce-que-le-bim\/","name":"Qu'est ce que le BIM? - AGENCE LA ARCHITECTURE","isPartOf":{"@id":"https:\/\/www.agencelaarchitecture.com\/#website"},"primaryImageOfPage":{"@id":"https:\/\/www.agencelaarchitecture.com\/index.php\/quest-ce-que-le-bim\/#primaryimage"},"image":{"@id":"https:\/\/www.agencelaarchitecture.com\/index.php\/quest-ce-que-le-bim\/#primaryimage"},"thumbnailUrl":"https:\/\/www.agencelaarchitecture.com\/wp-content\/uploads\/2026\/03\/bim-2.jpg","datePublished":"2026-03-13T15:41:12+00:00","dateModified":"2026-03-14T14:21:11+00:00","breadcrumb":{"@id":"https:\/\/www.agencelaarchitecture.com\/index.php\/quest-ce-que-le-bim\/#breadcrumb"},"inLanguage":"fr-FR","potentialAction":[{"@type":"ReadAction","target":["https:\/\/www.agencelaarchitecture.com\/index.php\/quest-ce-que-le-bim\/"]}]},{"@type":"ImageObject","inLanguage":"fr-FR","@id":"https:\/\/www.agencelaarchitecture.com\/index.php\/quest-ce-que-le-bim\/#primaryimage","url":"https:\/\/www.agencelaarchitecture.com\/wp-content\/uploads\/2026\/03\/bim-2.jpg","contentUrl":"https:\/\/www.agencelaarchitecture.com\/wp-content\/uploads\/2026\/03\/bim-2.jpg","width":642,"height":351},{"@type":"BreadcrumbList","@id":"https:\/\/www.agencelaarchitecture.com\/index.php\/quest-ce-que-le-bim\/#breadcrumb","itemListElement":[{"@type":"ListItem","position":1,"name":"Accueil","item":"https:\/\/www.agencelaarchitecture.com\/"},{"@type":"ListItem","position":2,"name":"Qu&rsquo;est ce que le BIM?"}]},{"@type":"WebSite","@id":"https:\/\/www.agencelaarchitecture.com\/#website","url":"https:\/\/www.agencelaarchitecture.com\/","name":"AGENCE LA ARCHITECTURE","description":"Architecture + int\u00e9rieur\/ Annecy","publisher":{"@id":"https:\/\/www.agencelaarchitecture.com\/#organization"},"potentialAction":[{"@type":"SearchAction","target":{"@type":"EntryPoint","urlTemplate":"https:\/\/www.agencelaarchitecture.com\/?s={search_term_string}"},"query-input":{"@type":"PropertyValueSpecification","valueRequired":true,"valueName":"search_term_string"}}],"inLanguage":"fr-FR"},{"@type":"Organization","@id":"https:\/\/www.agencelaarchitecture.com\/#organization","name":"AGENCE LA ARCHITECTURE","url":"https:\/\/www.agencelaarchitecture.com\/","logo":{"@type":"ImageObject","inLanguage":"fr-FR","@id":"https:\/\/www.agencelaarchitecture.com\/#\/schema\/logo\/image\/","url":"https:\/\/www.agencelaarchitecture.com\/wp-content\/uploads\/2022\/02\/logo-MAIL.jpg","contentUrl":"https:\/\/www.agencelaarchitecture.com\/wp-content\/uploads\/2022\/02\/logo-MAIL.jpg","width":464,"height":206,"caption":"AGENCE LA ARCHITECTURE"},"image":{"@id":"https:\/\/www.agencelaarchitecture.com\/#\/schema\/logo\/image\/"},"sameAs":["https:\/\/www.instagram.com\/agencelaarchitecture\/"]}]}},"_links":{"self":[{"href":"https:\/\/www.agencelaarchitecture.com\/index.php\/wp-json\/wp\/v2\/pages\/1474","targetHints":{"allow":["GET"]}}],"collection":[{"href":"https:\/\/www.agencelaarchitecture.com\/index.php\/wp-json\/wp\/v2\/pages"}],"about":[{"href":"https:\/\/www.agencelaarchitecture.com\/index.php\/wp-json\/wp\/v2\/types\/page"}],"author":[{"embeddable":true,"href":"https:\/\/www.agencelaarchitecture.com\/index.php\/wp-json\/wp\/v2\/users\/1"}],"replies":[{"embeddable":true,"href":"https:\/\/www.agencelaarchitecture.com\/index.php\/wp-json\/wp\/v2\/comments?post=1474"}],"version-history":[{"count":8,"href":"https:\/\/www.agencelaarchitecture.com\/index.php\/wp-json\/wp\/v2\/pages\/1474\/revisions"}],"predecessor-version":[{"id":1486,"href":"https:\/\/www.agencelaarchitecture.com\/index.php\/wp-json\/wp\/v2\/pages\/1474\/revisions\/1486"}],"wp:attachment":[{"href":"https:\/\/www.agencelaarchitecture.com\/index.php\/wp-json\/wp\/v2\/media?parent=1474"}],"curies":[{"name":"wp","href":"https:\/\/api.w.org\/{rel}","templated":true}]}}